{"id":4810,"date":"2023-01-25T14:51:34","date_gmt":"2023-01-25T14:51:34","guid":{"rendered":"http:\/\/tymomania.pl\/?post_type=product&#038;p=4810"},"modified":"2023-07-30T10:23:44","modified_gmt":"2023-07-30T10:23:44","slug":"stylizowana-komoda","status":"publish","type":"product","link":"http:\/\/tymomania.pl\/?product=stylizowana-komoda","title":{"rendered":"STYLIZOWANA KOMODA"},"content":{"rendered":"<p>Pi\u0119kna stylizowana komoda, w odcieniach b\u0142\u0119kitu i bieli z nut\u0105 patyny. Pojemne sztufady.<\/p>\n<p>Mo\u017cliwo\u015b\u0107 wysy\u0142ki \u2013 koszt ustalany indywidualnie<\/p>\n<p><strong>Zdj\u0119cia oraz teksty zawarte na stronie s\u0105 autorstwem Tymomania i strze\u017cone s\u0105 prawem autorskim.<br \/>\nMateria\u0142y mo\u017cna kopiowa\u0107, pod warunkiem podania \u017ar\u00f3d\u0142a.<br \/>\n\u200bAby wykorzysta\u0107 materia\u0142y w celach komercyjnych, prosz\u0119 o kontakt.<\/strong><\/p>\n<p>WYMIARY<\/p>\n<p>SZEROKO\u015a\u0106 87 CM<\/p>\n<p>G\u0141EBOKO\u015a\u0106 50CM<\/p>\n<p>WYSOKO\u015a\u0106: 110 CM<\/p>\n","protected":false},"excerpt":{"rendered":"<p>Pi\u0119kna stylizowana komoda, w odcieniach b\u0142\u0119kitu i bieli z nut\u0105 patyny. Pojemne sztufady.<\/p>\n<p>Mo\u017cliwo\u015b\u0107 wysy\u0142ki \u2013 koszt ustalany indywidualnie<\/p>\n<p><strong>Zdj\u0119cia oraz teksty zawarte na stronie s\u0105 autorstwem Tymomania i strze\u017cone s\u0105 prawem autorskim.<br \/>\nMateria\u0142y mo\u017cna kopiowa\u0107, pod warunkiem podania \u017ar\u00f3d\u0142a.<br \/>\n\u200bAby wykorzysta\u0107 materia\u0142y w celach komercyjnych, prosz\u0119 o kontakt.<\/strong><\/p>\n<p>WYMIARY<\/p>\n<p>SZEROKO\u015a\u0106 87 CM<\/p>\n<p>G\u0141EBOKO\u015a\u0106 50CM<\/p>\n<p>WYSOKO\u015a\u0106: 110 CM<\/p>\n","protected":false},"featured_media":4811,"template":"","meta":{"_mi_skip_tracking":false},"product_cat":[54],"product_tag":[],"_links":{"self":[{"href":"http:\/\/tymomania.pl\/index.php?rest_route=\/wp\/v2\/product\/4810"}],"collection":[{"href":"http:\/\/tymomania.pl\/index.php?rest_route=\/wp\/v2\/product"}],"about":[{"href":"http:\/\/tymomania.pl\/index.php?rest_route=\/wp\/v2\/types\/product"}],"wp:featuredmedia":[{"embeddable":true,"href":"http:\/\/tymomania.pl\/index.php?rest_route=\/wp\/v2\/media\/4811"}],"wp:attachment":[{"href":"http:\/\/tymomania.pl\/index.php?rest_route=%2Fwp%2Fv2%2Fmedia&parent=4810"}],"wp:term":[{"taxonomy":"product_cat","embeddable":true,"href":"http:\/\/tymomania.pl\/index.php?rest_route=%2Fwp%2Fv2%2Fproduct_cat&post=4810"},{"taxonomy":"product_tag","embeddable":true,"href":"http:\/\/tymomania.pl\/index.php?rest_route=%2Fwp%2Fv2%2Fproduct_tag&post=4810"}],"curies":[{"name":"wp","href":"https:\/\/api.w.org\/{rel}","templated":true}]}}