{"id":4739,"date":"2023-01-23T07:11:17","date_gmt":"2023-01-23T07:11:17","guid":{"rendered":"http:\/\/tymomania.pl\/?page_id=4739"},"modified":"2023-02-02T06:41:50","modified_gmt":"2023-02-02T06:41:50","slug":"jak-kupic","status":"publish","type":"page","link":"http:\/\/tymomania.pl\/?page_id=4739","title":{"rendered":"JAK KUPI\u0106?"},"content":{"rendered":"\n<p class=\"has-black-color has-text-color has-background has-medium-font-size\" style=\"background:linear-gradient(135deg,rgb(254,254,254) 0%,rgb(23,25,24) 100%)\"><strong>Chcesz dopyta\u0107 o szczeg\u00f3\u0142y\/wymiary\/wysy\u0142k\u0119?<br>NAPISZ DO MNIE<\/strong>: tymomania@tymomania.pl                                                                                                       <strong>ZADZWO\u0143 DO MNIE: +48 517-191-375<br>Odpowiem na pytania, prze\u015ble dane do przelewu, ustalimy dat\u0119 wysy\u0142ki.<\/strong><\/p>\n\n\n\n<p class=\"has-black-color has-text-color\">P\u0142atno\u015b\u0107 przelewem na podane konto bankowe.<br>Meble wysy\u0142am w terminie 4-7 dni roboczych,\u00a0 po zaksi\u0119gowaniu wp\u0142aty, lub w um\u00f3wionym terminie. Pozosta\u0142e przedmioty 2-4 dni roboczych, po zaksi\u0119gowaniu wp\u0142aty.<br>Koszt transportu mebli jest naliczany indywidualnie. Cena wysy\u0142ki mebli zaczyna si\u0119 od 100z\u0142.<br>Wystawiam paragon lub faktur\u0119, kt\u00f3r\u0105 nast\u0119pnie wysy\u0142am drog\u0105 elektroniczn\u0105 wraz z listem przewozowym umo\u017cliwiaj\u0105cym \u015bledzenie przesy\u0142ki.<br>\u200b<\/p>\n\n\n\n<p><br>WSZYSTKIE PROJEKTY KT\u00d3RE WIDZICIE NA STRONIE S\u0104 REALIZOWANE WED\u0141UG MOJEGO POMYS\u0141U I JEDYNE W SWOIM RODZAJU.<\/p>\n\n\n\n<p>Dzi\u0119kuj\u0119.<\/p>\n\n\n\n<p>Pracownia <strong>Tymomania u Ewelina Kajszczak<\/strong> znajduje si\u0119:<\/p>\n\n\n\n<p><strong>ul. 3 Maja 9                                                                                                                                                      87-800 W\u0142oc\u0142awek<\/strong><\/p>\n\n\n\n<p><strong>TELEFON:&nbsp;<\/strong><br><strong>Ewelina&nbsp; +48&nbsp;517191375<\/strong><\/p>\n\n\n\n<p><\/p>\n\n\n\n<p><\/p>\n\n\n\n<p><\/p>\n\n\n\n<h2><\/h2>\n\n\n\n<p><\/p>\n","protected":false},"excerpt":{"rendered":"<p>Chcesz dopyta\u0107 o szczeg\u00f3\u0142y\/wymiary\/wysy\u0142k\u0119?NAPISZ DO MNIE: tymomania@tymomania.pl ZADZWO\u0143 DO MNIE: +48 517-191-375Odpowiem na pytania, prze\u015ble dane do przelewu, ustalimy dat\u0119&hellip;<\/p>\n","protected":false},"author":5,"featured_media":0,"parent":0,"menu_order":0,"comment_status":"closed","ping_status":"closed","template":"","meta":{"_mi_skip_tracking":false},"_links":{"self":[{"href":"http:\/\/tymomania.pl\/index.php?rest_route=\/wp\/v2\/pages\/4739"}],"collection":[{"href":"http:\/\/tymomania.pl\/index.php?rest_route=\/wp\/v2\/pages"}],"about":[{"href":"http:\/\/tymomania.pl\/index.php?rest_route=\/wp\/v2\/types\/page"}],"author":[{"embeddable":true,"href":"http:\/\/tymomania.pl\/index.php?rest_route=\/wp\/v2\/users\/5"}],"replies":[{"embeddable":true,"href":"http:\/\/tymomania.pl\/index.php?rest_route=%2Fwp%2Fv2%2Fcomments&post=4739"}],"version-history":[{"count":5,"href":"http:\/\/tymomania.pl\/index.php?rest_route=\/wp\/v2\/pages\/4739\/revisions"}],"predecessor-version":[{"id":4852,"href":"http:\/\/tymomania.pl\/index.php?rest_route=\/wp\/v2\/pages\/4739\/revisions\/4852"}],"wp:attachment":[{"href":"http:\/\/tymomania.pl\/index.php?rest_route=%2Fwp%2Fv2%2Fmedia&parent=4739"}],"curies":[{"name":"wp","href":"https:\/\/api.w.org\/{rel}","templated":true}]}}